{"id":1191,"date":"2022-06-23T20:18:43","date_gmt":"2022-06-23T18:18:43","guid":{"rendered":"https:\/\/caffenapolisrl.it\/?post_type=product&#038;p=1191"},"modified":"2024-06-04T10:08:57","modified_gmt":"2024-06-04T08:08:57","slug":"faber-pro-total-inox","status":"publish","type":"product","link":"https:\/\/caffenapolisrl.it\/en\/product\/faber-pro-total-inox\/","title":{"rendered":"Faber Pro Total Inox"},"content":{"rendered":"<div class=\"dwspecs-product-table-group\">\n<div class=\"group-title\"><strong>Specifiche tecniche<\/strong><\/div>\n<table>\n<tbody>\n<tr>\n<td>Corpo<\/td>\n<td>Acciaio Inox Aisi 410<\/td>\n<\/tr>\n<tr>\n<td>Vano Poggiatazze<\/td>\n<td>Si<\/td>\n<\/tr>\n<tr>\n<td>Piastra di supporto<\/td>\n<td>Cromo<\/td>\n<\/tr>\n<tr>\n<td>Leva<\/td>\n<td>Cromata<\/td>\n<\/tr>\n<tr>\n<td>Vaschetta raccogli acqua \/ Griglia<\/td>\n<td>Abs<\/td>\n<\/tr>\n<tr>\n<td>Pompa<\/td>\n<td>15 bar<\/td>\n<\/tr>\n<tr>\n<td>Scambiatore<\/td>\n<td>Alluminio<\/td>\n<\/tr>\n<tr>\n<td>Siluro<\/td>\n<td>Regolabile in ottone<\/td>\n<\/tr>\n<tr>\n<td>Pressacialda<\/td>\n<td>Regolabile in ottone<\/td>\n<\/tr>\n<tr>\n<td>Resistenza<\/td>\n<td>500 w<\/td>\n<\/tr>\n<tr>\n<td>Termoregolatore<\/td>\n<td>95\u00b0\/145\u00b0 RM<\/td>\n<\/tr>\n<tr>\n<td>Capacit\u00e0 serbatoio<\/td>\n<td>1.3lt<\/td>\n<\/tr>\n<tr>\n<td>Alimentazione<\/td>\n<td>220v &#8211; 50 Hz<\/td>\n<\/tr>\n<tr>\n<td>Dimensioni<\/td>\n<td>32x21x35 cm<\/td>\n<\/tr>\n<\/tbody>\n<\/table>\n<\/div>\n<div class=\"dwspecs-product-table-group\">\n<div class=\"group-title\"><strong>Optional<\/strong><\/div>\n<table>\n<tbody>\n<tr>\n<td>Vapor<\/td>\n<td>Gruppo vapore con accensione autonoma, che pu\u00f2 essere disattivato in caso di non utilizzo per un notevole risparmio di consumi. Lancia vapore cromata.<\/td>\n<\/tr>\n<tr>\n<td>Termostato a 98\u00b0<\/td>\n<td>Termostato da 98\u00b0 che aumenta la temperatura di circa 3 gradi rispetto a quella raggiunta dal termostato 95 (71, 73\u00b0)<\/td>\n<\/tr>\n<tr>\n<td>Elettrovalvola<\/td>\n<td>Lavora grazie a impulsi elettromagnetici che hanno il compito di limitare le goccioline fisiologiche post erogazione.<\/td>\n<\/tr>\n<tr>\n<td>Portacialde<\/td>\n<td>Portacialde in delrin + filtro doccia di acciaio per una pulizia facilitata del tuo gruppo di erogazione.<\/td>\n<\/tr>\n<tr>\n<td>Alimentazione 110v<\/td>\n<td>Alimentazione a 110v che sostituisce la 220v<\/td>\n<\/tr>\n<tr>\n<td>Termoblocco ottone<\/td>\n<td>Ottieni le massime prestazione con il nuovo temoblocco in ottone grazie all\u2019elevata conducibilit\u00e0 termica, che consente una spesa energetica contenuta e un\u2019altissima durabilit\u00e0.<\/td>\n<\/tr>\n<\/tbody>\n<\/table>\n<\/div>","protected":false},"excerpt":{"rendered":"<p>Interamente in acciaio inox Aisi 410, la Pro Total Inox \u00e8 dotata di un vano poggia tazze che pu\u00f2 ospitare fino a 3 tazzine. Stile audace e raffinato, resistente e affidabile, sono i requisiti di questa macchina da caff\u00e8 in cialde, che la rendono la pi\u00f9 elegante del mercato. Disponibile anche con optional Vapor per un caff\u00e8 schiumato \u00e8 rivolta ai consumatori pi\u00f9 esigenti.<\/p>","protected":false},"featured_media":1192,"comment_status":"open","ping_status":"closed","template":"","meta":[],"product_cat":[163],"product_tag":[],"yst_prominent_words":[],"yoast_head":"<!-- This site is optimized with the Yoast SEO Premium plugin v14.2 - https:\/\/yoast.com\/wordpress\/plugins\/seo\/ -->\n<title>Faber Pro Total Inox - Caff\u00e8 Napoli - Antica Miscela Napoletana<\/title>\n<meta name=\"robots\" content=\"index, follow\" \/>\n<meta name=\"googlebot\" content=\"index, follow, max-snippet:-1, max-image-preview:large, max-video-preview:-1\" \/>\n<meta name=\"bingbot\" content=\"index, follow, max-snippet:-1, max-image-preview:large, max-video-preview:-1\" \/>\n<link rel=\"canonical\" href=\"https:\/\/caffenapolisrl.it\/en\/product\/faber-pro-total-inox\/\" \/>\n<meta property=\"og:locale\" content=\"en_GB\" \/>\n<meta property=\"og:type\" content=\"article\" \/>\n<meta property=\"og:title\" content=\"Faber Pro Total Inox - Caff\u00e8 Napoli - Antica Miscela Napoletana\" \/>\n<meta property=\"og:description\" content=\"Interamente in acciaio inox Aisi 410, la Pro Total Inox \u00e8 dotata di un vano poggia tazze che pu\u00f2 ospitare fino a 3 tazzine. Stile audace e raffinato, resistente e affidabile, sono i requisiti di questa macchina da caff\u00e8 in cialde, che la rendono la pi\u00f9 elegante del mercato. Disponibile anche con optional Vapor per un caff\u00e8 schiumato \u00e8 rivolta ai consumatori pi\u00f9 esigenti.\" \/>\n<meta property=\"og:url\" content=\"https:\/\/caffenapolisrl.it\/en\/product\/faber-pro-total-inox\/\" \/>\n<meta property=\"og:site_name\" content=\"Caff\u00e8 Napoli - Antica Miscela Napoletana\" \/>\n<meta property=\"article:modified_time\" content=\"2024-06-04T08:08:57+00:00\" \/>\n<meta property=\"og:image\" content=\"https:\/\/caffenapolisrl.it\/wp-content\/uploads\/2022\/06\/pro-total-inox.jpg\" \/>\n\t<meta property=\"og:image:width\" content=\"2048\" \/>\n\t<meta property=\"og:image:height\" content=\"2048\" \/>\n<meta name=\"twitter:card\" content=\"summary_large_image\" \/>\n<script type=\"application\/ld+json\" class=\"yoast-schema-graph\">{\"@context\":\"https:\/\/schema.org\",\"@graph\":[{\"@type\":\"Organization\",\"@id\":\"https:\/\/caffenapolisrl.it\/en\/#organization\",\"name\":\"Caff\\u00e8 Napoli\",\"url\":\"https:\/\/caffenapolisrl.it\/en\/\",\"sameAs\":[],\"logo\":{\"@type\":\"ImageObject\",\"@id\":\"https:\/\/caffenapolisrl.it\/en\/#logo\",\"inLanguage\":\"en-GB\",\"url\":\"https:\/\/caffenapolisrl.it\/wp-content\/uploads\/2020\/06\/Risorsa-1napoli-1.png\",\"width\":900,\"height\":394,\"caption\":\"Caff\\u00e8 Napoli\"},\"image\":{\"@id\":\"https:\/\/caffenapolisrl.it\/en\/#logo\"}},{\"@type\":\"WebSite\",\"@id\":\"https:\/\/caffenapolisrl.it\/en\/#website\",\"url\":\"https:\/\/caffenapolisrl.it\/en\/\",\"name\":\"Caff\\u00e8 Napoli - Antica Miscela Napoletana\",\"description\":\"\",\"publisher\":{\"@id\":\"https:\/\/caffenapolisrl.it\/en\/#organization\"},\"potentialAction\":[{\"@type\":\"SearchAction\",\"target\":\"https:\/\/caffenapolisrl.it\/en\/?s={search_term_string}\",\"query-input\":\"required name=search_term_string\"}],\"inLanguage\":\"en-GB\"},{\"@type\":\"ImageObject\",\"@id\":\"https:\/\/caffenapolisrl.it\/product\/faber-pro-total-inox\/#primaryimage\",\"inLanguage\":\"en-GB\",\"url\":\"https:\/\/caffenapolisrl.it\/wp-content\/uploads\/2022\/06\/pro-total-inox.jpg\",\"width\":2048,\"height\":2048},{\"@type\":\"WebPage\",\"@id\":\"https:\/\/caffenapolisrl.it\/product\/faber-pro-total-inox\/#webpage\",\"url\":\"https:\/\/caffenapolisrl.it\/product\/faber-pro-total-inox\/\",\"name\":\"Faber Pro Total Inox - Caff\\u00e8 Napoli - Antica Miscela Napoletana\",\"isPartOf\":{\"@id\":\"https:\/\/caffenapolisrl.it\/en\/#website\"},\"primaryImageOfPage\":{\"@id\":\"https:\/\/caffenapolisrl.it\/product\/faber-pro-total-inox\/#primaryimage\"},\"datePublished\":\"2022-06-23T18:18:43+00:00\",\"dateModified\":\"2024-06-04T08:08:57+00:00\",\"inLanguage\":\"en-GB\",\"potentialAction\":[{\"@type\":\"ReadAction\",\"target\":[\"https:\/\/caffenapolisrl.it\/product\/faber-pro-total-inox\/\"]}]}]}<\/script>\n<!-- \/ Yoast SEO Premium plugin. -->","_links":{"self":[{"href":"https:\/\/caffenapolisrl.it\/en\/wp-json\/wp\/v2\/product\/1191"}],"collection":[{"href":"https:\/\/caffenapolisrl.it\/en\/wp-json\/wp\/v2\/product"}],"about":[{"href":"https:\/\/caffenapolisrl.it\/en\/wp-json\/wp\/v2\/types\/product"}],"replies":[{"embeddable":true,"href":"https:\/\/caffenapolisrl.it\/en\/wp-json\/wp\/v2\/comments?post=1191"}],"wp:featuredmedia":[{"embeddable":true,"href":"https:\/\/caffenapolisrl.it\/en\/wp-json\/wp\/v2\/media\/1192"}],"wp:attachment":[{"href":"https:\/\/caffenapolisrl.it\/en\/wp-json\/wp\/v2\/media?parent=1191"}],"wp:term":[{"taxonomy":"product_cat","embeddable":true,"href":"https:\/\/caffenapolisrl.it\/en\/wp-json\/wp\/v2\/product_cat?post=1191"},{"taxonomy":"product_tag","embeddable":true,"href":"https:\/\/caffenapolisrl.it\/en\/wp-json\/wp\/v2\/product_tag?post=1191"},{"taxonomy":"yst_prominent_words","embeddable":true,"href":"https:\/\/caffenapolisrl.it\/en\/wp-json\/wp\/v2\/yst_prominent_words?post=1191"}],"curies":[{"name":"wp","href":"https:\/\/api.w.org\/{rel}","templated":true}]}}